{"id":14,"date":"2022-07-11T13:59:27","date_gmt":"2022-07-11T11:59:27","guid":{"rendered":"http:\/\/lagardiolette.fr\/?page_id=14"},"modified":"2022-08-10T15:43:43","modified_gmt":"2022-08-10T13:43:43","slug":"reservations","status":"publish","type":"page","link":"https:\/\/lagardiolette.fr\/index.php\/reservations\/","title":{"rendered":"R\u00e9servations"},"content":{"rendered":"\t\t<div data-elementor-type=\"wp-page\" data-elementor-id=\"14\" class=\"elementor elementor-14\">\n\t\t\t\t\t\t\t\t\t<section class=\"elementor-section elementor-top-section elementor-element elementor-element-cdfeaef elementor-section-boxed elementor-section-height-default elementor-section-height-default\" data-id=\"cdfeaef\" data-element_type=\"section\">\n\t\t\t\t\t\t<div class=\"elementor-container elementor-column-gap-default\">\n\t\t\t\t\t<div class=\"elementor-column elementor-col-100 elementor-top-column elementor-element elementor-element-d2a71b8\" data-id=\"d2a71b8\" data-element_type=\"column\">\n\t\t\t<div class=\"elementor-widget-wrap elementor-element-populated\">\n\t\t\t\t\t\t\t\t<div class=\"elementor-element elementor-element-4d430dd elementor-widget elementor-widget-heading\" data-id=\"4d430dd\" data-element_type=\"widget\" data-widget_type=\"heading.default\">\n\t\t\t\t<div class=\"elementor-widget-container\">\n\t\t\t<style>\/*! elementor - v3.6.8 - 27-07-2022 *\/\n.elementor-heading-title{padding:0;margin:0;line-height:1}.elementor-widget-heading .elementor-heading-title[class*=elementor-size-]>a{color:inherit;font-size:inherit;line-height:inherit}.elementor-widget-heading .elementor-heading-title.elementor-size-small{font-size:15px}.elementor-widget-heading .elementor-heading-title.elementor-size-medium{font-size:19px}.elementor-widget-heading .elementor-heading-title.elementor-size-large{font-size:29px}.elementor-widget-heading .elementor-heading-title.elementor-size-xl{font-size:39px}.elementor-widget-heading .elementor-heading-title.elementor-size-xxl{font-size:59px}<\/style><h2 class=\"elementor-heading-title elementor-size-large\">Demander une r\u00e9servation<\/h2>\t\t<\/div>\n\t\t\t\t<\/div>\n\t\t\t\t<div class=\"elementor-element elementor-element-6a7f178 elementor-widget elementor-widget-text-editor\" data-id=\"6a7f178\" data-element_type=\"widget\" data-widget_type=\"text-editor.default\">\n\t\t\t\t<div class=\"elementor-widget-container\">\n\t\t\t<style>\/*! elementor - v3.6.8 - 27-07-2022 *\/\n.elementor-widget-text-editor.elementor-drop-cap-view-stacked .elementor-drop-cap{background-color:#818a91;color:#fff}.elementor-widget-text-editor.elementor-drop-cap-view-framed .elementor-drop-cap{color:#818a91;border:3px solid;background-color:transparent}.elementor-widget-text-editor:not(.elementor-drop-cap-view-default) .elementor-drop-cap{margin-top:8px}.elementor-widget-text-editor:not(.elementor-drop-cap-view-default) .elementor-drop-cap-letter{width:1em;height:1em}.elementor-widget-text-editor .elementor-drop-cap{float:left;text-align:center;line-height:1;font-size:50px}.elementor-widget-text-editor .elementor-drop-cap-letter{display:inline-block}<\/style>\t\t\t\t<p style=\"text-align: center;margin:0px\"><span style=\"color: #ffffff;\">S\u00e9lectionner les jours souhait\u00e9s puis compl\u00e9ter le formulaire.<\/span><\/p>\t\t\t\t\t\t<\/div>\n\t\t\t\t<\/div>\n\t\t\t\t<div class=\"elementor-element elementor-element-81f0d1c elementor-widget elementor-widget-wp-widget-bookingwidget\" data-id=\"81f0d1c\" data-element_type=\"widget\" data-widget_type=\"wp-widget-bookingwidget.default\">\n\t\t\t\t<div class=\"elementor-widget-container\">\n\t\t\t<div class='widget_wpdev_booking wpdevelop months_num_in_row_1'> <div id=\"form_id349971588031\" class=\"wpdevelop\"><form  id=\"booking_form1\"   class=\"booking_form vertical\" method=\"post\" action=\"\"><div id=\"ajax_respond_insert1\" class=\"ajax_respond_insert\" style=\"display:none;\"><\/div><a name=\"bklnk1\" id=\"bklnk1\"><\/a><div id=\"booking_form_div1\" class=\"booking_form_div\"><div class=\"wpbc_booking_form_structure wpbc_form_right\">\n  <div class=\"wpbc_structure_calendar\">\n    <div class=\"wpbc_change_over_triangle\"><div class=\"bk_calendar_frame months_num_in_row_ cal_month_num_2\" style=\"width:568px;\"><div id=\"calendar_booking1\">Calendar is loading...<\/div><\/div><div style=\"font-size:9px;text-align:left;margin-top:3px;\">Powered by <a style=\"font-size:9px;\" href=\"https:\/\/wpbookingcalendar.com\" target=\"_blank\" title=\"Booking Calendar plugin for WordPress\">Booking Calendar<\/a><\/div><textarea id=\"date_booking1\" name=\"date_booking1\" autocomplete=\"off\" style=\"display:none;\"><\/textarea><div class=\"block_hints datepick\"><div class=\"wpdev_hint_with_text\"><div class=\"block_free datepick-days-cell\"><a>18<\/a><\/div><div class=\"block_text\">- Disponible<\/div><\/div><div class=\"wpdev_hint_with_text\"><div class=\"block_booked date_approved\">18<\/div><div class=\"block_text\">- R\u00e9serv\u00e9<\/div><\/div><div class=\"wpdev_hint_with_text\"><div class=\"block_pending date2approve\">18<\/div><div class=\"block_text\">- En attente<\/div><\/div><\/div><div class=\"wpdev_clear_hint\"><\/div><\/div>\n  <\/div>\n  <div class=\"wpbc_structure_form\">\n  <div class=\"form-group\">  <label for=\"name1\" class=\"control-label\">Pr\u00e9nom*:<\/label>   <div class=\"controls\">   <input type=\"text\" name=\"name1\" id=\"name1\" class=\"input-xlarge wpdev-validates-as-required\" \/><\/div><\/div>  <div class=\"form-group\">  <label for=\"secondname1\" class=\"control-label\">NOM*:<\/label>   <div class=\"controls\">   <input type=\"text\" name=\"secondname1\" id=\"secondname1\" class=\"input-xlarge wpdev-validates-as-required\" \/><\/div><\/div>  <div class=\"form-group\">  <label for=\"email1\" class=\"control-label\">Email*:<\/label>   <div class=\"controls\">   <input type=\"text\" name=\"email1\" id=\"email1\" class=\"input-xlarge wpdev-validates-as-email wpdev-validates-as-required wpdev-validates-as-required\" \/><\/div><\/div>  <div class=\"form-group\">  <label for=\"visitors1\" class=\"control-label\">Nombre de personnes adultes*:<\/label>   <div class=\"controls\">   <select name=\"visitors1\" id=\"visitors1\" class=\"input-xlarge wpdev-validates-as-required\" >  <option value=\"1\">1<\/option>  <option value=\"2\">2<\/option>  <option value=\"3\">3<\/option>  <option value=\"4\">4<\/option>  <option value=\"5\">5<\/option>  <option value=\"6\">6<\/option>  <option value=\"7\">7<\/option>  <option value=\"8\">8<\/option>     <\/select><\/div><\/div>  <div class=\"form-group\">  <label for=\"child1\" class=\"control-label\">Nombre d'enfants (-12 ans)*:<\/label>   <div class=\"controls\">   <select name=\"child1\" id=\"child1\" class=\"input-xlarge wpdev-validates-as-required\" >  <option value=\"0\">0<\/option>  <option value=\"1\">1<\/option>  <option value=\"2\">2<\/option>  <option value=\"3\">3<\/option>  <option value=\"4\">4<\/option>  <option value=\"5\">5<\/option>  <option value=\"6\">6<\/option>  <option value=\"7\">7<\/option>     <\/select><\/div><\/div>  <div class=\"form-group\">  <label for=\"phone1\" class=\"control-label\">T\u00e9l\u00e9phone*:<\/label>   <div class=\"controls\">   <input type=\"text\" name=\"phone1\" id=\"phone1\" class=\"input-xlarge wpdev-validates-as-required\" \/><\/div><\/div>  <div class=\"form-group\">  <label for=\"details1\" class=\"control-label\">Pr\u00e9cisions sur la demande:<\/label>   <div class=\"controls\">   <textarea  rows=\"3\" name=\"details1\" id=\"details1\" class=\"input-xlarge\" ><\/textarea><\/div><\/div><div class=\"form-group\"><input  autocomplete=\"off\" type=\"hidden\" name=\"wpdev_captcha_challenge_1\"  id=\"wpdev_captcha_challenge_1\" value=\"1569568822\" \/><input  autocomplete=\"off\" type=\"text\" class=\"captachinput\" value=\"\" name=\"captcha_input1\" id=\"captcha_input1\" \/><img decoding=\"async\" class=\"captcha_img\"  id=\"captcha_img1\" alt=\"captcha\" src=\"https:\/\/lagardiolette.fr\/wp-content\/plugins\/booking\/js\/captcha\/tmp\/1569568822.png\" \/><span id=\"captcha_msg1\" class=\"wpdev-help-message\" ><\/span><\/div>\n<div class=\"form-group\"><button class=\"btn btn-default\" type=\"button\" onclick=\"mybooking_submit(this.form,1,'en_US');\" >Envoyer<\/button><\/div>\n  <\/div>\n<\/div>\n<div class=\"wpbc_booking_form_footer\"><\/div><input id=\"bk_type1\" name=\"bk_type1\" class=\"\" type=\"hidden\" value=\"1\" \/><\/div><div id=\"submiting1\"><\/div><div class=\"form_bk_messages\" id=\"form_bk_messages1\" ><\/div><input type=\"hidden\" id=\"wpbc_nonce1\" name=\"wpbc_nonce1\" value=\"19132182cd\" \/><input type=\"hidden\" name=\"_wp_http_referer\" value=\"\/index.php\/wp-json\/wp\/v2\/pages\/14\" \/><input type=\"hidden\" id=\"wpbc_nonceCALCULATE_THE_COST1\" name=\"wpbc_nonceCALCULATE_THE_COST1\" value=\"6c9e646904\" \/><input type=\"hidden\" name=\"_wp_http_referer\" value=\"\/index.php\/wp-json\/wp\/v2\/pages\/14\" \/><\/form><\/div><div id=\"booking_form_garbage1\" class=\"booking_form_garbage\"><\/div><script type=\"text\/javascript\">\n                                jQuery(document).ready( function(){\n                                    jQuery(\".widget_wpdev_booking .booking_form.form-horizontal\").removeClass(\"form-horizontal\");\n                                    var visible_booking_id_on_page_num = visible_booking_id_on_page.length;\n                                    if (visible_booking_id_on_page_num !== null ) {\n                                        for (var i=0;i< visible_booking_id_on_page_num ;i++){\n                                          if ( visible_booking_id_on_page[i]==\"booking_form_div1\" ) {\n                                              document.getElementById(\"form_id349971588031\").innerHTML = \"<span style='color:#A00;font-size:10px;'>Warning! Booking calendar for this booking resource are already at the page, please check more about this issue at this page: https:\/\/wpbookingcalendar.com\/faq\/why-the-booking-calendar-widget-not-show-on-page\/<\/span>\";                                                                                                  \n                                              jQuery(\"#form_id349971588031\").animate( {opacity: 1}, 10000 ).fadeOut(5000);\n                                              return;\n                                          }\n                                        }\n                                        visible_booking_id_on_page[ visible_booking_id_on_page_num ]=\"booking_form_div1\";\n                                    }\n                                });\n                            <\/script> <script type='text\/javascript'>  jQuery(document).ready( function(){  date_admin_blank[1] = [];  date2approve[1] = []; if (typeof( date2approve[1][ '8-16-2026' ] ) == 'undefined'){  date2approve[1][ '8-16-2026' ] = [];}   date2approve[1][ '8-16-2026' ][  date2approve[1]['8-16-2026'].length  ] = [8, 16, 2026, 0, 0, 0]; if (typeof( date2approve[1][ '8-17-2026' ] ) == 'undefined'){  date2approve[1][ '8-17-2026' ] = [];}   date2approve[1][ '8-17-2026' ][  date2approve[1]['8-17-2026'].length  ] = [8, 17, 2026, 0, 0, 0]; if (typeof( date2approve[1][ '8-18-2026' ] ) == 'undefined'){  date2approve[1][ '8-18-2026' ] = [];}   date2approve[1][ '8-18-2026' ][  date2approve[1]['8-18-2026'].length  ] = [8, 18, 2026, 0, 0, 0]; if (typeof( date2approve[1][ '8-19-2026' ] ) == 'undefined'){  date2approve[1][ '8-19-2026' ] = [];}   date2approve[1][ '8-19-2026' ][  date2approve[1]['8-19-2026'].length  ] = [8, 19, 2026, 0, 0, 0]; if (typeof( date2approve[1][ '8-20-2026' ] ) == 'undefined'){  date2approve[1][ '8-20-2026' ] = [];}   date2approve[1][ '8-20-2026' ][  date2approve[1]['8-20-2026'].length  ] = [8, 20, 2026, 0, 0, 0]; if (typeof( date2approve[1][ '8-21-2026' ] ) == 'undefined'){  date2approve[1][ '8-21-2026' ] = [];}   date2approve[1][ '8-21-2026' ][  date2approve[1]['8-21-2026'].length  ] = [8, 21, 2026, 0, 0, 0]; if (typeof( date2approve[1][ '8-22-2026' ] ) == 'undefined'){  date2approve[1][ '8-22-2026' ] = [];}   date2approve[1][ '8-22-2026' ][  date2approve[1]['8-22-2026'].length  ] = [8, 22, 2026, 0, 0, 0]; if (typeof( date2approve[1][ '8-23-2026' ] ) == 'undefined'){  date2approve[1][ '8-23-2026' ] = [];}   date2approve[1][ '8-23-2026' ][  date2approve[1]['8-23-2026'].length  ] = [8, 23, 2026, 0, 0, 0]; if (typeof( date2approve[1][ '8-24-2026' ] ) == 'undefined'){  date2approve[1][ '8-24-2026' ] = [];}   date2approve[1][ '8-24-2026' ][  date2approve[1]['8-24-2026'].length  ] = [8, 24, 2026, 0, 0, 0]; if (typeof( date2approve[1][ '8-25-2026' ] ) == 'undefined'){  date2approve[1][ '8-25-2026' ] = [];}   date2approve[1][ '8-25-2026' ][  date2approve[1]['8-25-2026'].length  ] = [8, 25, 2026, 0, 0, 0]; if (typeof( date2approve[1][ '8-26-2026' ] ) == 'undefined'){  date2approve[1][ '8-26-2026' ] = [];}   date2approve[1][ '8-26-2026' ][  date2approve[1]['8-26-2026'].length  ] = [8, 26, 2026, 0, 0, 0]; if (typeof( date2approve[1][ '8-27-2026' ] ) == 'undefined'){  date2approve[1][ '8-27-2026' ] = [];}   date2approve[1][ '8-27-2026' ][  date2approve[1]['8-27-2026'].length  ] = [8, 27, 2026, 0, 0, 0]; if (typeof( date2approve[1][ '8-28-2026' ] ) == 'undefined'){  date2approve[1][ '8-28-2026' ] = [];}   date2approve[1][ '8-28-2026' ][  date2approve[1]['8-28-2026'].length  ] = [8, 28, 2026, 0, 0, 0]; if (typeof( date2approve[1][ '8-29-2026' ] ) == 'undefined'){  date2approve[1][ '8-29-2026' ] = [];}   date2approve[1][ '8-29-2026' ][  date2approve[1]['8-29-2026'].length  ] = [8, 29, 2026, 0, 0, 0]; if (typeof( date2approve[1][ '8-30-2026' ] ) == 'undefined'){  date2approve[1][ '8-30-2026' ] = [];}   date2approve[1][ '8-30-2026' ][  date2approve[1]['8-30-2026'].length  ] = [8, 30, 2026, 0, 0, 0]; if (typeof( date2approve[1][ '8-31-2026' ] ) == 'undefined'){  date2approve[1][ '8-31-2026' ] = [];}   date2approve[1][ '8-31-2026' ][  date2approve[1]['8-31-2026'].length  ] = [8, 31, 2026, 0, 0, 0]; if (typeof( date2approve[1][ '9-1-2026' ] ) == 'undefined'){  date2approve[1][ '9-1-2026' ] = [];}   date2approve[1][ '9-1-2026' ][  date2approve[1]['9-1-2026'].length  ] = [9, 1, 2026, 0, 0, 0]; if (typeof( date2approve[1][ '9-2-2026' ] ) == 'undefined'){  date2approve[1][ '9-2-2026' ] = [];}   date2approve[1][ '9-2-2026' ][  date2approve[1]['9-2-2026'].length  ] = [9, 2, 2026, 0, 0, 0]; if (typeof( date2approve[1][ '9-3-2026' ] ) == 'undefined'){  date2approve[1][ '9-3-2026' ] = [];}   date2approve[1][ '9-3-2026' ][  date2approve[1]['9-3-2026'].length  ] = [9, 3, 2026, 0, 0, 0]; if (typeof( date2approve[1][ '9-4-2026' ] ) == 'undefined'){  date2approve[1][ '9-4-2026' ] = [];}   date2approve[1][ '9-4-2026' ][  date2approve[1]['9-4-2026'].length  ] = [9, 4, 2026, 0, 0, 0]; if (typeof( date2approve[1][ '9-5-2026' ] ) == 'undefined'){  date2approve[1][ '9-5-2026' ] = [];}   date2approve[1][ '9-5-2026' ][  date2approve[1]['9-5-2026'].length  ] = [9, 5, 2026, 0, 0, 0];  var date_approved_par = [];  init_datepick_cal('1', date_approved_par, 2 , 1, false   );  }); <\/script><\/div>\t\t<\/div>\n\t\t\t\t<\/div>\n\t\t\t\t\t<\/div>\n\t\t<\/div>\n\t\t\t\t\t\t\t<\/div>\n\t\t<\/section>\n\t\t\t\t\t\t\t<\/div>\n\t\t","protected":false},"excerpt":{"rendered":"<p>Demander une r\u00e9servation S\u00e9lectionner les jours souhait\u00e9s puis compl\u00e9ter le formulaire.<\/p>\n","protected":false},"author":1,"featured_media":0,"parent":0,"menu_order":0,"comment_status":"closed","ping_status":"closed","template":"","meta":{"_editorskit_title_hidden":false,"_editorskit_reading_time":1,"_editorskit_typography_data":[],"_editorskit_blocks_typography":"","_editorskit_is_block_options_detached":false,"_editorskit_block_options_position":"{}","site-sidebar-layout":"no-sidebar","site-content-layout":"page-builder","ast-global-header-display":"","ast-main-header-display":"","ast-hfb-above-header-display":"","ast-hfb-below-header-display":"","ast-hfb-mobile-header-display":"","site-post-title":"disabled","ast-breadcrumbs-content":"","ast-featured-img":"disabled","footer-sml-layout":"","theme-transparent-header-meta":"","adv-header-id-meta":"","stick-header-meta":"","header-above-stick-meta":"","header-main-stick-meta":"","header-below-stick-meta":"","footnotes":""},"class_list":["post-14","page","type-page","status-publish","hentry"],"yoast_head":"<!-- This site is optimized with the Yoast SEO plugin v19.5.1 - https:\/\/yoast.com\/wordpress\/plugins\/seo\/ -->\n<title>R\u00e9servations - La Gardiolette<\/title>\n<meta name=\"robots\" content=\"index, follow, max-snippet:-1, max-image-preview:large, max-video-preview:-1\" \/>\n<link rel=\"canonical\" href=\"https:\/\/lagardiolette.fr\/index.php\/reservations\/\" \/>\n<meta property=\"og:locale\" content=\"en_US\" \/>\n<meta property=\"og:type\" content=\"article\" \/>\n<meta property=\"og:title\" content=\"R\u00e9servations - La Gardiolette\" \/>\n<meta property=\"og:description\" content=\"Demander une r\u00e9servation S\u00e9lectionner les jours souhait\u00e9s puis compl\u00e9ter le formulaire.\" \/>\n<meta property=\"og:url\" content=\"https:\/\/lagardiolette.fr\/index.php\/reservations\/\" \/>\n<meta property=\"og:site_name\" content=\"La Gardiolette\" \/>\n<meta property=\"article:modified_time\" content=\"2022-08-10T13:43:43+00:00\" \/>\n<meta name=\"twitter:card\" content=\"summary_large_image\" \/>\n<meta name=\"twitter:label1\" content=\"Est. reading time\" \/>\n\t<meta name=\"twitter:data1\" content=\"3 minutes\" \/>\n<script type=\"application\/ld+json\" class=\"yoast-schema-graph\">{\"@context\":\"https:\/\/schema.org\",\"@graph\":[{\"@type\":\"WebPage\",\"@id\":\"https:\/\/lagardiolette.fr\/index.php\/reservations\/\",\"url\":\"https:\/\/lagardiolette.fr\/index.php\/reservations\/\",\"name\":\"R\u00e9servations - La Gardiolette\",\"isPartOf\":{\"@id\":\"https:\/\/lagardiolette.fr\/#website\"},\"datePublished\":\"2022-07-11T11:59:27+00:00\",\"dateModified\":\"2022-08-10T13:43:43+00:00\",\"breadcrumb\":{\"@id\":\"https:\/\/lagardiolette.fr\/index.php\/reservations\/#breadcrumb\"},\"inLanguage\":\"en-US\",\"potentialAction\":[{\"@type\":\"ReadAction\",\"target\":[\"https:\/\/lagardiolette.fr\/index.php\/reservations\/\"]}]},{\"@type\":\"BreadcrumbList\",\"@id\":\"https:\/\/lagardiolette.fr\/index.php\/reservations\/#breadcrumb\",\"itemListElement\":[{\"@type\":\"ListItem\",\"position\":1,\"name\":\"Accueil\",\"item\":\"https:\/\/lagardiolette.fr\/\"},{\"@type\":\"ListItem\",\"position\":2,\"name\":\"R\u00e9servations\"}]},{\"@type\":\"WebSite\",\"@id\":\"https:\/\/lagardiolette.fr\/#website\",\"url\":\"https:\/\/lagardiolette.fr\/\",\"name\":\"La Gardiolette\",\"description\":\"LOCATION EN TOUTES SAISONS \u00c0 FRONTIGNAN\",\"publisher\":{\"@id\":\"https:\/\/lagardiolette.fr\/#organization\"},\"potentialAction\":[{\"@type\":\"SearchAction\",\"target\":{\"@type\":\"EntryPoint\",\"urlTemplate\":\"https:\/\/lagardiolette.fr\/?s={search_term_string}\"},\"query-input\":\"required name=search_term_string\"}],\"inLanguage\":\"en-US\"},{\"@type\":\"Organization\",\"@id\":\"https:\/\/lagardiolette.fr\/#organization\",\"name\":\"Maison \u00e0 louer - la Gardiolette\",\"url\":\"https:\/\/lagardiolette.fr\/\",\"sameAs\":[],\"logo\":{\"@type\":\"ImageObject\",\"inLanguage\":\"en-US\",\"@id\":\"https:\/\/lagardiolette.fr\/#\/schema\/logo\/image\/\",\"url\":\"http:\/\/lagardiolette.fr\/wp-content\/uploads\/2022\/08\/logo-gardiolette3_2028278993.png\",\"contentUrl\":\"http:\/\/lagardiolette.fr\/wp-content\/uploads\/2022\/08\/logo-gardiolette3_2028278993.png\",\"width\":5244,\"height\":3949,\"caption\":\"Maison \u00e0 louer - la Gardiolette\"},\"image\":{\"@id\":\"https:\/\/lagardiolette.fr\/#\/schema\/logo\/image\/\"}}]}<\/script>\n<!-- \/ Yoast SEO plugin. -->","yoast_head_json":{"title":"R\u00e9servations - La Gardiolette","robots":{"index":"index","follow":"follow","max-snippet":"max-snippet:-1","max-image-preview":"max-image-preview:large","max-video-preview":"max-video-preview:-1"},"canonical":"https:\/\/lagardiolette.fr\/index.php\/reservations\/","og_locale":"en_US","og_type":"article","og_title":"R\u00e9servations - La Gardiolette","og_description":"Demander une r\u00e9servation S\u00e9lectionner les jours souhait\u00e9s puis compl\u00e9ter le formulaire.","og_url":"https:\/\/lagardiolette.fr\/index.php\/reservations\/","og_site_name":"La Gardiolette","article_modified_time":"2022-08-10T13:43:43+00:00","twitter_card":"summary_large_image","twitter_misc":{"Est. reading time":"3 minutes"},"schema":{"@context":"https:\/\/schema.org","@graph":[{"@type":"WebPage","@id":"https:\/\/lagardiolette.fr\/index.php\/reservations\/","url":"https:\/\/lagardiolette.fr\/index.php\/reservations\/","name":"R\u00e9servations - La Gardiolette","isPartOf":{"@id":"https:\/\/lagardiolette.fr\/#website"},"datePublished":"2022-07-11T11:59:27+00:00","dateModified":"2022-08-10T13:43:43+00:00","breadcrumb":{"@id":"https:\/\/lagardiolette.fr\/index.php\/reservations\/#breadcrumb"},"inLanguage":"en-US","potentialAction":[{"@type":"ReadAction","target":["https:\/\/lagardiolette.fr\/index.php\/reservations\/"]}]},{"@type":"BreadcrumbList","@id":"https:\/\/lagardiolette.fr\/index.php\/reservations\/#breadcrumb","itemListElement":[{"@type":"ListItem","position":1,"name":"Accueil","item":"https:\/\/lagardiolette.fr\/"},{"@type":"ListItem","position":2,"name":"R\u00e9servations"}]},{"@type":"WebSite","@id":"https:\/\/lagardiolette.fr\/#website","url":"https:\/\/lagardiolette.fr\/","name":"La Gardiolette","description":"LOCATION EN TOUTES SAISONS \u00c0 FRONTIGNAN","publisher":{"@id":"https:\/\/lagardiolette.fr\/#organization"},"potentialAction":[{"@type":"SearchAction","target":{"@type":"EntryPoint","urlTemplate":"https:\/\/lagardiolette.fr\/?s={search_term_string}"},"query-input":"required name=search_term_string"}],"inLanguage":"en-US"},{"@type":"Organization","@id":"https:\/\/lagardiolette.fr\/#organization","name":"Maison \u00e0 louer - la Gardiolette","url":"https:\/\/lagardiolette.fr\/","sameAs":[],"logo":{"@type":"ImageObject","inLanguage":"en-US","@id":"https:\/\/lagardiolette.fr\/#\/schema\/logo\/image\/","url":"http:\/\/lagardiolette.fr\/wp-content\/uploads\/2022\/08\/logo-gardiolette3_2028278993.png","contentUrl":"http:\/\/lagardiolette.fr\/wp-content\/uploads\/2022\/08\/logo-gardiolette3_2028278993.png","width":5244,"height":3949,"caption":"Maison \u00e0 louer - la Gardiolette"},"image":{"@id":"https:\/\/lagardiolette.fr\/#\/schema\/logo\/image\/"}}]}},"_links":{"self":[{"href":"https:\/\/lagardiolette.fr\/index.php\/wp-json\/wp\/v2\/pages\/14","targetHints":{"allow":["GET"]}}],"collection":[{"href":"https:\/\/lagardiolette.fr\/index.php\/wp-json\/wp\/v2\/pages"}],"about":[{"href":"https:\/\/lagardiolette.fr\/index.php\/wp-json\/wp\/v2\/types\/page"}],"author":[{"embeddable":true,"href":"https:\/\/lagardiolette.fr\/index.php\/wp-json\/wp\/v2\/users\/1"}],"replies":[{"embeddable":true,"href":"https:\/\/lagardiolette.fr\/index.php\/wp-json\/wp\/v2\/comments?post=14"}],"version-history":[{"count":59,"href":"https:\/\/lagardiolette.fr\/index.php\/wp-json\/wp\/v2\/pages\/14\/revisions"}],"predecessor-version":[{"id":1054,"href":"https:\/\/lagardiolette.fr\/index.php\/wp-json\/wp\/v2\/pages\/14\/revisions\/1054"}],"wp:attachment":[{"href":"https:\/\/lagardiolette.fr\/index.php\/wp-json\/wp\/v2\/media?parent=14"}],"curies":[{"name":"wp","href":"https:\/\/api.w.org\/{rel}","templated":true}]}}